{"id":7324,"date":"2025-12-23T12:35:54","date_gmt":"2025-12-23T04:35:54","guid":{"rendered":"https:\/\/visitjohor2026.my\/product\/nikko-yoryo\/"},"modified":"2025-12-23T12:35:54","modified_gmt":"2025-12-23T04:35:54","slug":"nikko-yoryo","status":"publish","type":"product","link":"https:\/\/visitjohor2026.my\/zh\/product\/nikko-yoryo\/","title":{"rendered":"Nikk\u014d &#038; Y\u014dry\u014d"},"content":{"rendered":"<p>Nikk\u014d &amp; Y\u014dry\u014d \u662f\u4e00\u5bb6\u8ff7\u4eba\u7684\u5496\u5561\u9986\uff0c\u5750\u843d\u5728\u65b0\u5c71\u5e02\u4e2d\u5fc3\uff0c\u5b83\u8d85\u8d8a\u4e86\u4f20\u7edf\u5496\u5561\u5e97\u7684\u754c\u9650\u3002\u6b65\u5165\u5176\u4e2d\uff0c\u60a8\u4f1a\u53d1\u73b0\u81ea\u5df1\u4eff\u4f5b\u7f6e\u8eab\u4e8e\u4e00\u4e2a\u7cbe\u81f4\u7684\u65e5\u5f0f\u7f8e\u5b66\u5883\u754c\uff0c\u6bcf\u4e2a\u7ec6\u8282\u90fd\u5f70\u663e\u7740\u7f8e\u611f\u4e0e\u8bbe\u8ba1\u3002.<\/p>\n<p>\u8fd9\u5bb6\u5496\u5561\u9986\u7684\u6c1b\u56f4\u5b8c\u7f8e\u878d\u5408\u4e86\u65e5\u5f0f\u4f20\u7edf\u4e0e\u73b0\u4ee3\u5143\u7d20\uff0c\u5f70\u663e\u4e86\u65e5\u672c\u4e30\u5bcc\u6587\u5316\u7684\u827a\u672f\u9020\u8be3\u3002\u5899\u4e0a\u88c5\u9970\u7740\u6a31\u82b1\u58c1\u753b\uff0c\u4e3a\u60a8\u7684\u5496\u5561\u65f6\u5149\u8425\u9020\u51fa\u5b81\u9759\u7684\u80cc\u666f\u3002\u77ee\u6728\u684c\u914d\u4ee5\u84b2\u56e2\uff0c\u9080\u8bf7\u60a8\u653e\u677e\u8eab\u5fc3\uff0c\u5c3d\u60c5\u4eab\u53d7\u6bcf\u4e00\u523b\u3002\u7ecf\u5178\u7684\u969c\u5b50\u9694\u65ad\u4e86\u7a7a\u95f4\uff0c\u6295\u4e0b\u67d4\u548c\u7684\u6f2b\u5c04\u5149\uff0c\u4e3a\u60a8\u7684\u5230\u8bbf\u589e\u6dfb\u4e00\u4e1d\u795e\u79d8\u611f\u3002.<\/p>\n<p>Nikk\u014d &amp; Y\u014dry\u014d \u4e0d\u4ec5\u4ec5\u662f\u5173\u4e8e\u5496\u5561\uff1b\u5b83\u662f\u4e00\u79cd\u80fd\u5524\u9192\u4f60\u6240\u6709\u611f\u5b98\u7684\u4f53\u9a8c\u3002\u83dc\u5355\u63d0\u4f9b\u5404\u79cd\u7cbe\u81f4\u7684\u624b\u5de5\u8336\u3001\u65e5\u5f0f\u7cd5\u70b9\u548c\u751c\u70b9\uff0c\u4e0e\u5b81\u9759\u7684\u6c1b\u56f4\u76f8\u5f97\u76ca\u5f70\u3002\u54c1\u5c1d\u4e00\u676f\u9999\u6d53\u7684\u62b9\u8336\u62ff\u94c1\uff0c\u8ba9\u98ce\u5473\u5e26\u4f60\u8fdb\u5165\u4eac\u90fd\u5b81\u9759\u7684\u82b1\u56ed\u3002.<\/p>\n<p>\u8fd9\u5bb6\u5496\u5561\u9986\u662f\u5bfb\u6c42\u5b81\u9759\u6216\u7075\u611f\u7684\u4eba\u4eec\u7684\u907f\u98ce\u6e2f\u3002\u5728\u8fd9\u91cc\uff0c\u65e5\u5f0f\u8bbe\u8ba1\u7684\u7cbe\u7f8e\u4e0e\u5496\u5561\u548c\u8c08\u8bdd\u7684\u827a\u672f\u5b8c\u7f8e\u878d\u5408\u3002Nikk\u014d &amp; Y\u014dry\u014d \u4e0d\u4ec5\u4ec5\u662f\u4e00\u5bb6\u5496\u5561\u9986\uff0c\u5b83\u662f\u901a\u5f80\u65e5\u672c\u7684\u8bd7\u610f\u65c5\u7a0b\uff0c\u5c31\u5728\u65b0\u5c71\u5e02\u4e2d\u5fc3\u3002.<\/p>","protected":false},"excerpt":{"rendered":"<p>Nikk\u014d &amp; Y\u014dry\u014d, a captivating cafe nestled in the heart of Johor Bahru, transcends the boundaries of traditional coffee shops. Step inside, and you&#8217;ll find yourself transported to a realm of exquisite Japanese aesthetics, where every detail is a celebration of beauty and design. The cafe&#8217;s ambiance is a harmonious blend of traditional and contemporary Japanese elements, a testament to the artistry of Japan&#8217;s rich culture. Cherry blossom murals grace the walls, creating a serene backdrop for your coffee sipping. Low, wooden tables with floor cushions invite you to relax and savor every moment. Authentic shoji screens partition the space, casting a soft, diffused light that adds a touch of mystique to your visit. Nikk\u014d &amp; Y\u014dry\u014d is not just about coffee; it&#8217;s an experience that tantalizes all your senses. The menu features an exquisite range of artisanal teas, Japanese pastries, and delicate desserts that complement the serene atmosphere. Sip on a delicate matcha latte and let the flavors transport you to Kyoto&#8217;s serene gardens. This cafe is a haven for those seeking solace or inspiration. It&#8217;s where the beauty of Japanese design meets the art of coffee and conversation. Nikk\u014d &amp; Y\u014dry\u014d isn&#8217;t just a cafe; it&#8217;s a poetic escape to the Land of the Rising Sun, right in the heart of Johor Bahru.<\/p>","protected":false},"featured_media":0,"comment_status":"","ping_status":"closed","template":"","meta":[],"product_brand":[],"product_cat":[20],"product_tag":[],"class_list":{"0":"post-7324","1":"product","2":"type-product","3":"status-publish","5":"product_cat-listeo-booking","7":"first","8":"instock","9":"downloadable","10":"virtual","11":"sold-individually","12":"purchasable","13":"product-type-listing_booking"},"_links":{"self":[{"href":"https:\/\/visitjohor2026.my\/zh\/wp-json\/wp\/v2\/product\/7324","targetHints":{"allow":["GET"]}}],"collection":[{"href":"https:\/\/visitjohor2026.my\/zh\/wp-json\/wp\/v2\/product"}],"about":[{"href":"https:\/\/visitjohor2026.my\/zh\/wp-json\/wp\/v2\/types\/product"}],"replies":[{"embeddable":true,"href":"https:\/\/visitjohor2026.my\/zh\/wp-json\/wp\/v2\/comments?post=7324"}],"wp:attachment":[{"href":"https:\/\/visitjohor2026.my\/zh\/wp-json\/wp\/v2\/media?parent=7324"}],"wp:term":[{"taxonomy":"product_brand","embeddable":true,"href":"https:\/\/visitjohor2026.my\/zh\/wp-json\/wp\/v2\/product_brand?post=7324"},{"taxonomy":"product_cat","embeddable":true,"href":"https:\/\/visitjohor2026.my\/zh\/wp-json\/wp\/v2\/product_cat?post=7324"},{"taxonomy":"product_tag","embeddable":true,"href":"https:\/\/visitjohor2026.my\/zh\/wp-json\/wp\/v2\/product_tag?post=7324"}],"curies":[{"name":"wp","href":"https:\/\/api.w.org\/{rel}","templated":true}]}}