{"id":7324,"date":"2025-12-23T12:35:54","date_gmt":"2025-12-23T04:35:54","guid":{"rendered":"https:\/\/visitjohor2026.my\/product\/nikko-yoryo\/"},"modified":"2025-12-23T12:35:54","modified_gmt":"2025-12-23T04:35:54","slug":"nikko-yoryo","status":"publish","type":"product","link":"https:\/\/visitjohor2026.my\/ta\/product\/nikko-yoryo\/","title":{"rendered":"Nikk\u014d &#038; Y\u014dry\u014d"},"content":{"rendered":"<p>\u0b9c\u0bcb\u0b95\u0bc2\u0bb0\u0bcd \u0baa\u0bbe\u0bb0\u0bc1\u0bb5\u0bbf\u0ba9\u0bcd \u0bae\u0bc8\u0baf\u0ba4\u0bcd\u0ba4\u0bbf\u0bb2\u0bcd \u0b85\u0bae\u0bc8\u0ba8\u0bcd\u0ba4\u0bc1\u0bb3\u0bcd\u0bb3, \u0bae\u0ba9\u0ba4\u0bc8\u0b95\u0bcd \u0b95\u0bb5\u0bb0\u0bc1\u0bae\u0bcd \u0b95\u0b83\u0baa\u0bc7\u0bb5\u0bbe\u0ba9 \u0ba8\u0bbf\u0b95\u0bcd\u0b95\u0bcb &amp; \u0baf\u0bcb\u0bb0\u0bbf\u0baf\u0bcb, \u0baa\u0bbe\u0bb0\u0bae\u0bcd\u0baa\u0bb0\u0bbf\u0baf \u0b95\u0bbe\u0baa\u0bbf \u0b95\u0b9f\u0bc8\u0b95\u0bb3\u0bbf\u0ba9\u0bcd \u0b8e\u0bb2\u0bcd\u0bb2\u0bc8\u0b95\u0bb3\u0bc8\u0ba4\u0bcd \u0ba4\u0bbe\u0ba3\u0bcd\u0b9f\u0bbf\u0baf\u0ba4\u0bc1. \u0b89\u0bb3\u0bcd\u0bb3\u0bc7 \u0ba8\u0bc1\u0bb4\u0bc8\u0ba8\u0bcd\u0ba4\u0bbe\u0bb2\u0bcd, \u0ba8\u0bc0\u0b99\u0bcd\u0b95\u0bb3\u0bcd \u0ba8\u0bc7\u0bb0\u0bcd\u0ba4\u0bcd\u0ba4\u0bbf\u0baf\u0bbe\u0ba9 \u0b9c\u0baa\u0bcd\u0baa\u0bbe\u0ba9\u0bbf\u0baf \u0b85\u0bb4\u0b95\u0bbf\u0baf\u0bb2\u0bbf\u0ba9\u0bcd \u0b89\u0bb2\u0b95\u0bbf\u0bb1\u0bcd\u0b95\u0bc1 \u0b85\u0bb4\u0bc8\u0ba4\u0bcd\u0ba4\u0bc1\u0b9a\u0bcd \u0b9a\u0bc6\u0bb2\u0bcd\u0bb2\u0baa\u0bcd\u0baa\u0b9f\u0bc1\u0bb5\u0bc0\u0bb0\u0bcd\u0b95\u0bb3\u0bcd, \u0b85\u0b99\u0bcd\u0b95\u0bc1 \u0b92\u0bb5\u0bcd\u0bb5\u0bca\u0bb0\u0bc1 \u0bb5\u0bbf\u0bb5\u0bb0\u0bae\u0bc1\u0bae\u0bcd \u0b85\u0bb4\u0b95\u0bc1 \u0bae\u0bb1\u0bcd\u0bb1\u0bc1\u0bae\u0bcd \u0bb5\u0b9f\u0bbf\u0bb5\u0bae\u0bc8\u0baa\u0bcd\u0baa\u0bbf\u0ba9\u0bcd \u0b95\u0bca\u0ba3\u0bcd\u0b9f\u0bbe\u0b9f\u0bcd\u0b9f\u0bae\u0bbe\u0b95 \u0b85\u0bae\u0bc8\u0ba8\u0bcd\u0ba4\u0bc1\u0bb3\u0bcd\u0bb3\u0ba4\u0bc1.<\/p>\n<p>\u0b87\u0ba8\u0bcd\u0ba4 \u0b95\u0b83\u0baa\u0bc7\u0bb5\u0bbf\u0ba9\u0bcd \u0b9a\u0bc2\u0bb4\u0bb2\u0bcd, \u0b9c\u0baa\u0bcd\u0baa\u0bbe\u0ba9\u0bbf\u0ba9\u0bcd \u0bb5\u0bb3\u0bae\u0bbe\u0ba9 \u0b95\u0bb2\u0bbe\u0b9a\u0bcd\u0b9a\u0bbe\u0bb0\u0ba4\u0bcd\u0ba4\u0bbf\u0ba9\u0bcd \u0b95\u0bb2\u0bc8\u0ba4\u0bcd\u0ba4\u0bbf\u0bb1\u0ba9\u0bc1\u0b95\u0bcd\u0b95\u0bc1\u0b9a\u0bcd \u0b9a\u0bbe\u0ba9\u0bcd\u0bb1\u0bbe\u0b95, \u0baa\u0bbe\u0bb0\u0bae\u0bcd\u0baa\u0bb0\u0bbf\u0baf \u0bae\u0bb1\u0bcd\u0bb1\u0bc1\u0bae\u0bcd \u0b9a\u0bae\u0b95\u0bbe\u0bb2 \u0b9c\u0baa\u0bcd\u0baa\u0bbe\u0ba9\u0bbf\u0baf \u0b95\u0bc2\u0bb1\u0bc1\u0b95\u0bb3\u0bbf\u0ba9\u0bcd \u0b92\u0bb0\u0bc1 \u0b87\u0ba3\u0b95\u0bcd\u0b95\u0bae\u0bbe\u0ba9 \u0b95\u0bb2\u0bb5\u0bc8\u0baf\u0bbe\u0b95\u0bc1\u0bae\u0bcd. \u0b9a\u0bc6\u0bb0\u0bcd\u0bb0\u0bbf \u0bae\u0bb2\u0bb0\u0bcd \u0b93\u0bb5\u0bbf\u0baf\u0b99\u0bcd\u0b95\u0bb3\u0bcd \u0b9a\u0bc1\u0bb5\u0bb0\u0bcd\u0b95\u0bb3\u0bc8 \u0b85\u0bb2\u0b99\u0bcd\u0b95\u0bb0\u0bbf\u0ba4\u0bcd\u0ba4\u0bc1, \u0b89\u0b99\u0bcd\u0b95\u0bb3\u0bcd \u0b95\u0bbe\u0baa\u0bbf\u0baf\u0bc8 \u0b85\u0bb0\u0bc1\u0ba8\u0bcd\u0ba4 \u0b92\u0bb0\u0bc1 \u0b85\u0bae\u0bc8\u0ba4\u0bbf\u0baf\u0bbe\u0ba9 \u0baa\u0bbf\u0ba9\u0bcd\u0ba9\u0ba3\u0bbf\u0baf\u0bc8 \u0b89\u0bb0\u0bc1\u0bb5\u0bbe\u0b95\u0bcd\u0b95\u0bc1\u0b95\u0bbf\u0ba9\u0bcd\u0bb1\u0ba9. \u0ba4\u0bbe\u0bb4\u0bcd\u0bb5\u0bbe\u0ba9, \u0bae\u0bb0\u0ba4\u0bcd\u0ba4\u0bbe\u0bb2\u0bcd \u0b86\u0ba9 \u0bae\u0bc7\u0b9a\u0bc8\u0b95\u0bb3\u0bc1\u0bae\u0bcd \u0ba4\u0bb0\u0bc8\u0baa\u0bcd \u0baa\u0b9f\u0bcd\u0b9f\u0bc8\u0b95\u0bb3\u0bc1\u0bae\u0bcd \u0b89\u0b99\u0bcd\u0b95\u0bb3\u0bc8 \u0b93\u0baf\u0bcd\u0bb5\u0bc6\u0b9f\u0bc1\u0b95\u0bcd\u0b95\u0bb5\u0bc1\u0bae\u0bcd \u0b92\u0bb5\u0bcd\u0bb5\u0bca\u0bb0\u0bc1 \u0b95\u0ba3\u0ba4\u0bcd\u0ba4\u0bc8\u0baf\u0bc1\u0bae\u0bcd \u0b9a\u0bc1\u0bb5\u0bc8\u0b95\u0bcd\u0b95\u0bb5\u0bc1\u0bae\u0bcd \u0b85\u0bb4\u0bc8\u0b95\u0bcd\u0b95\u0bbf\u0ba9\u0bcd\u0bb1\u0ba9. \u0b89\u0ba3\u0bcd\u0bae\u0bc8\u0baf\u0bbe\u0ba9 \u0bb7\u0bcb\u0b9c\u0bbf \u0ba4\u0bbf\u0bb0\u0bc8\u0b95\u0bb3\u0bcd \u0b87\u0b9f\u0ba4\u0bcd\u0ba4\u0bc8\u0ba4\u0bcd \u0baa\u0bbf\u0bb0\u0bbf\u0b95\u0bcd\u0b95\u0bbf\u0ba9\u0bcd\u0bb1\u0ba9, \u0bae\u0bc7\u0bb2\u0bc1\u0bae\u0bcd \u0b85\u0bb5\u0bc8 \u0bae\u0bc6\u0ba9\u0bcd\u0bae\u0bc8\u0baf\u0bbe\u0ba9, \u0baa\u0bb0\u0bb5\u0bb2\u0bbe\u0ba9 \u0b92\u0bb3\u0bbf\u0baf\u0bc8 \u0bb5\u0bc0\u0b9a\u0bbf, \u0b89\u0b99\u0bcd\u0b95\u0bb3\u0bcd \u0bb5\u0bb0\u0bc1\u0b95\u0bc8\u0b95\u0bcd\u0b95\u0bc1 \u0b92\u0bb0\u0bc1 \u0bae\u0bb0\u0bcd\u0bae\u0bae\u0bbe\u0ba9 \u0ba4\u0bca\u0b9f\u0bc1\u0ba4\u0bb2\u0bc8\u0b9a\u0bcd \u0b9a\u0bc7\u0bb0\u0bcd\u0b95\u0bcd\u0b95\u0bbf\u0ba9\u0bcd\u0bb1\u0ba9.<\/p>\n<p>\u0ba8\u0bbf\u0b95\u0bcd\u0b95\u0bcb &amp; \u0baf\u0bcb\u0bb0\u0bcd\u0baf\u0bcb \u0b8e\u0ba9\u0bcd\u0baa\u0ba4\u0bc1 \u0b95\u0bbe\u0baa\u0bbf\u0baf\u0bc8\u0baa\u0bcd \u0baa\u0bb1\u0bcd\u0bb1\u0bbf\u0baf\u0ba4\u0bc1 \u0bae\u0b9f\u0bcd\u0b9f\u0bc1\u0bae\u0bb2\u0bcd\u0bb2; \u0b85\u0ba4\u0bc1 \u0b89\u0b99\u0bcd\u0b95\u0bb3\u0bcd \u0b85\u0ba9\u0bc8\u0ba4\u0bcd\u0ba4\u0bc1 \u0b87\u0902\u0926\u094d\u0930\u0bbf\u0baf\u0b99\u0bcd\u0b95\u0bb3\u0bc8\u0baf\u0bc1\u0bae\u0bcd \u0ba4\u0bc2\u0ba3\u0bcd\u0b9f\u0bc1\u0bae\u0bcd \u0b92\u0bb0\u0bc1 \u0b85\u0ba9\u0bc1\u0baa\u0bb5\u0bae\u0bbe\u0b95\u0bc1\u0bae\u0bcd. \u0b85\u0ba4\u0ba9\u0bcd \u0b89\u0ba3\u0bb5\u0bc1\u0baa\u0bcd \u0baa\u0b9f\u0bcd\u0b9f\u0bbf\u0baf\u0bb2\u0bbf\u0bb2\u0bcd, \u0b85\u0bae\u0bc8\u0ba4\u0bbf\u0baf\u0bbe\u0ba9 \u0b9a\u0bc2\u0bb4\u0bb2\u0bc1\u0b95\u0bcd\u0b95\u0bc1\u0baa\u0bcd \u0baa\u0bca\u0bb0\u0bc1\u0ba4\u0bcd\u0ba4\u0bae\u0bbe\u0ba9, \u0ba8\u0bc7\u0bb0\u0bcd\u0ba4\u0bcd\u0ba4\u0bbf\u0baf\u0bbe\u0ba9 \u0b95\u0bc8\u0bb5\u0bbf\u0ba9\u0bc8\u0ba4\u0bcd \u0ba4\u0bc7\u0baf\u0bbf\u0bb2\u0bc8\u0b95\u0bb3\u0bcd, \u0b9c\u0baa\u0bcd\u0baa\u0bbe\u0ba9\u0bbf\u0baf \u0baa\u0bc7\u0bb8\u0bcd\u0b9f\u0bcd\u0bb0\u0bbf\u0b95\u0bb3\u0bcd \u0bae\u0bb1\u0bcd\u0bb1\u0bc1\u0bae\u0bcd \u0bae\u0bc6\u0ba9\u0bcd\u0bae\u0bc8\u0baf\u0bbe\u0ba9 \u0b87\u0ba9\u0bbf\u0baa\u0bcd\u0baa\u0bc1 \u0bb5\u0b95\u0bc8\u0b95\u0bb3\u0bcd \u0b87\u0b9f\u0bae\u0bcd\u0baa\u0bc6\u0bb1\u0bcd\u0bb1\u0bc1\u0bb3\u0bcd\u0bb3\u0ba9. \u0b92\u0bb0\u0bc1 \u0bae\u0bc6\u0ba9\u0bcd\u0bae\u0bc8\u0baf\u0bbe\u0ba9 \u0bae\u0bbe\u0b9f\u0bcd\u0b9a\u0bbe \u0bb2\u0b9f\u0bcd\u0b9f\u0bc7\u0baf\u0bc8\u0baa\u0bcd \u0baa\u0bb0\u0bc1\u0ba8\u0bcd\u0ba4\u0bc1\u0b99\u0bcd\u0b95\u0bb3\u0bcd, \u0b85\u0ba4\u0ba9\u0bcd \u0b9a\u0bc1\u0bb5\u0bc8\u0b95\u0bb3\u0bcd \u0b89\u0b99\u0bcd\u0b95\u0bb3\u0bc8 \u0b95\u0bbf\u0baf\u0bcb\u0b9f\u0bcd\u0b9f\u0bcb\u0bb5\u0bbf\u0ba9\u0bcd \u0b85\u0bae\u0bc8\u0ba4\u0bbf\u0baf\u0bbe\u0ba9 \u0ba4\u0bcb\u0b9f\u0bcd\u0b9f\u0b99\u0bcd\u0b95\u0bb3\u0bc1\u0b95\u0bcd\u0b95\u0bc1 \u0b85\u0bb4\u0bc8\u0ba4\u0bcd\u0ba4\u0bc1\u0b9a\u0bcd \u0b9a\u0bc6\u0bb2\u0bcd\u0bb2\u0b9f\u0bcd\u0b9f\u0bc1\u0bae\u0bcd.<\/p>\n<p>\u0b86\u0bb1\u0bc1\u0ba4\u0bb2\u0bc8\u0baf\u0bc1\u0bae\u0bcd \u0b89\u0ba4\u0bcd\u0bb5\u0bc7\u0b95\u0ba4\u0bcd\u0ba4\u0bc8\u0baf\u0bc1\u0bae\u0bcd \u0ba4\u0bc7\u0b9f\u0bc1\u0baa\u0bb5\u0bb0\u0bcd\u0b95\u0bb3\u0bc1\u0b95\u0bcd\u0b95\u0bc1 \u0b87\u0ba8\u0bcd\u0ba4\u0b95\u0bcd \u0b95\u0b83\u0baa\u0bc7 \u0b92\u0bb0\u0bc1 \u0baa\u0bc1\u0b95\u0bb2\u0bbf\u0b9f\u0bae\u0bcd. \u0b87\u0b99\u0bcd\u0b95\u0bc1 \u0b9c\u0baa\u0bcd\u0baa\u0bbe\u0ba9\u0bbf\u0baf \u0bb5\u0b9f\u0bbf\u0bb5\u0bae\u0bc8\u0baa\u0bcd\u0baa\u0bbf\u0ba9\u0bcd \u0b85\u0bb4\u0b95\u0bc1, \u0b95\u0bbe\u0baa\u0bbf \u0bae\u0bb1\u0bcd\u0bb1\u0bc1\u0bae\u0bcd \u0b89\u0bb0\u0bc8\u0baf\u0bbe\u0b9f\u0bb2\u0bbf\u0ba9\u0bcd \u0b95\u0bb2\u0bc8\u0baf\u0bc1\u0b9f\u0ba9\u0bcd \u0b9a\u0b99\u0bcd\u0b95\u0bae\u0bbf\u0b95\u0bcd\u0b95\u0bbf\u0bb1\u0ba4\u0bc1. \u0ba8\u0bbf\u0b95\u0bcd\u0b95\u0bcb &amp; \u0baf\u0bcb\u0bb0\u0bbf\u0baf\u0bcb \u0b92\u0bb0\u0bc1 \u0b95\u0b83\u0baa\u0bc7 \u0bae\u0b9f\u0bcd\u0b9f\u0bc1\u0bae\u0bb2\u0bcd\u0bb2; \u0b87\u0ba4\u0bc1 \u0b9c\u0bcb\u0b95\u0bc2\u0bb0\u0bcd \u0baa\u0bbe\u0bb9\u0bc1\u0bb5\u0bbf\u0ba9\u0bcd \u0bae\u0bc8\u0baf\u0ba4\u0bcd\u0ba4\u0bbf\u0bb2\u0bc7\u0baf\u0bc7, \u0b89\u0ba4\u0baf \u0b9a\u0bc2\u0bb0\u0bbf\u0baf\u0ba9\u0bbf\u0ba9\u0bcd \u0ba4\u0bc7\u0b9a\u0ba4\u0bcd\u0ba4\u0bbf\u0bb1\u0bcd\u0b95\u0bc1 \u0b92\u0bb0\u0bc1 \u0b95\u0bb5\u0bbf\u0ba4\u0bcd\u0ba4\u0bc1\u0bb5\u0bae\u0bbe\u0ba9 \u0ba4\u0baa\u0bcd\u0baa\u0bbf\u0ba4\u0bcd\u0ba4\u0bb2\u0bc1\u0bae\u0bbe\u0b95\u0bc1\u0bae\u0bcd.<\/p>","protected":false},"excerpt":{"rendered":"<p>Nikk\u014d &amp; Y\u014dry\u014d, a captivating cafe nestled in the heart of Johor Bahru, transcends the boundaries of traditional coffee shops. Step inside, and you&#8217;ll find yourself transported to a realm of exquisite Japanese aesthetics, where every detail is a celebration of beauty and design. The cafe&#8217;s ambiance is a harmonious blend of traditional and contemporary Japanese elements, a testament to the artistry of Japan&#8217;s rich culture. Cherry blossom murals grace the walls, creating a serene backdrop for your coffee sipping. Low, wooden tables with floor cushions invite you to relax and savor every moment. Authentic shoji screens partition the space, casting a soft, diffused light that adds a touch of mystique to your visit. Nikk\u014d &amp; Y\u014dry\u014d is not just about coffee; it&#8217;s an experience that tantalizes all your senses. The menu features an exquisite range of artisanal teas, Japanese pastries, and delicate desserts that complement the serene atmosphere. Sip on a delicate matcha latte and let the flavors transport you to Kyoto&#8217;s serene gardens. This cafe is a haven for those seeking solace or inspiration. It&#8217;s where the beauty of Japanese design meets the art of coffee and conversation. Nikk\u014d &amp; Y\u014dry\u014d isn&#8217;t just a cafe; it&#8217;s a poetic escape to the Land of the Rising Sun, right in the heart of Johor Bahru.<\/p>","protected":false},"featured_media":0,"comment_status":"","ping_status":"closed","template":"","meta":[],"product_brand":[],"product_cat":[20],"product_tag":[],"class_list":{"0":"post-7324","1":"product","2":"type-product","3":"status-publish","5":"product_cat-listeo-booking","7":"first","8":"instock","9":"downloadable","10":"virtual","11":"sold-individually","12":"purchasable","13":"product-type-listing_booking"},"_links":{"self":[{"href":"https:\/\/visitjohor2026.my\/ta\/wp-json\/wp\/v2\/product\/7324","targetHints":{"allow":["GET"]}}],"collection":[{"href":"https:\/\/visitjohor2026.my\/ta\/wp-json\/wp\/v2\/product"}],"about":[{"href":"https:\/\/visitjohor2026.my\/ta\/wp-json\/wp\/v2\/types\/product"}],"replies":[{"embeddable":true,"href":"https:\/\/visitjohor2026.my\/ta\/wp-json\/wp\/v2\/comments?post=7324"}],"wp:attachment":[{"href":"https:\/\/visitjohor2026.my\/ta\/wp-json\/wp\/v2\/media?parent=7324"}],"wp:term":[{"taxonomy":"product_brand","embeddable":true,"href":"https:\/\/visitjohor2026.my\/ta\/wp-json\/wp\/v2\/product_brand?post=7324"},{"taxonomy":"product_cat","embeddable":true,"href":"https:\/\/visitjohor2026.my\/ta\/wp-json\/wp\/v2\/product_cat?post=7324"},{"taxonomy":"product_tag","embeddable":true,"href":"https:\/\/visitjohor2026.my\/ta\/wp-json\/wp\/v2\/product_tag?post=7324"}],"curies":[{"name":"wp","href":"https:\/\/api.w.org\/{rel}","templated":true}]}}